{"id":1067,"date":"2020-07-28T14:24:01","date_gmt":"2020-07-28T14:24:01","guid":{"rendered":"http:\/\/www.novinsight.eu\/?page_id=1067"},"modified":"2024-10-14T15:52:19","modified_gmt":"2024-10-14T15:52:19","slug":"modele-operationnel","status":"publish","type":"page","link":"http:\/\/www.novinsight.eu\/language\/fr\/786-2\/language\/fr\/modele-operationnel","title":{"rendered":"Mod\u00e8le Op\u00e9rationnel"},"content":{"rendered":"\n<p>Les opportunit\u00e9s offertes par les technologie sont un fort levier de comp\u00e9titivit\u00e9. Notre longue exp\u00e9rience internationales dans diff\u00e9rents secteurs est \u00e0 votre service pour garantir la transformation de vos <strong>mod\u00e8les op\u00e9rationnels<\/strong> et atteindre vos objectifs d&#8217;efficience.<\/p>\n\n\n\n<p>L&#8217;expertise de NovInsight expertise apporte de la valeur \u00e0 votre organisation \u00e0 travers nos offres: <\/p>\n\n\n\n<ul class=\"wp-block-list\">\n<li>Diagnostic, management ou \u00e9valuation de vos projets gr\u00e2ce \u00e0 notre approche <a href=\"http:\/\/www.novinsight.eu\/language\/fr\/direction-de-programmes\">SPARCK<\/a><\/li>\n\n\n\n<li>Analyse et rem\u00e9diation de vos vuln\u00e9rabilit\u00e9s en mati\u00e8re de <a href=\"http:\/\/www.novinsight.eu\/language\/fr\/786-2\/language\/fr\/cyber-securite\">cybers\u00e9curit\u00e9<\/a><\/li>\n\n\n\n<li>Management de vos programmes de <a href=\"http:\/\/www.novinsight.eu\/wp-content\/uploads\/2018\/06\/NovInsight-Compliance-offer-EN.pdf\">Conformit\u00e9<\/a><\/li>\n\n\n\n<li>Gestion de vos <a href=\"http:\/\/www.novinsight.eu\/language\/fr\/direction-de-programmes\" data-type=\"link\" data-id=\"http:\/\/www.novinsight.eu\/language\/fr\/direction-de-programmes\" target=\"_blank\" rel=\"noreferrer noopener\">projets et programmes<\/a> \u00e0 forte composantes technologiques <\/li>\n\n\n\n<li>Management de vos programmes de transformation KYC (voir notre offre qui s&#8217;appuie sur notre exp\u00e9rience avec <a href=\"http:\/\/www.novinsight.eu\/wp-content\/uploads\/2020\/07\/Novinsight-Offre-KYC-Fenergo.pdf\">Fenergo<\/a>)<\/li>\n<\/ul>\n\n\n\n<p><a href=\"http:\/\/www.novinsight.eu\/language\/fr\/contacts\">Contactez<\/a>-nous pour \u00e9changer \u00e0 propos de vos d\u00e9fis et de vos besoins.<\/p>\n","protected":false},"excerpt":{"rendered":"<p>Les opportunit\u00e9s offertes par les technologie sont un fort levier de comp\u00e9titivit\u00e9. Notre longue exp\u00e9rience internationales dans diff\u00e9rents secteurs est \u00e0 votre service pour garantir la transformation de vos mod\u00e8les op\u00e9rationnels et atteindre vos objectifs d&#8217;efficience. L&#8217;expertise de NovInsight expertise apporte de la valeur \u00e0 votre organisation \u00e0 travers nos offres: Contactez-nous pour \u00e9changer \u00e0 propos de vos d\u00e9fis et de vos besoins.<\/p>\n","protected":false},"author":1,"featured_media":0,"parent":0,"menu_order":0,"comment_status":"closed","ping_status":"closed","template":"","meta":{"footnotes":""},"class_list":["post-1067","page","type-page","status-publish","hentry"],"_links":{"self":[{"href":"http:\/\/www.novinsight.eu\/language\/fr\/786-2\/wp-json\/wp\/v2\/pages\/1067"}],"collection":[{"href":"http:\/\/www.novinsight.eu\/language\/fr\/786-2\/wp-json\/wp\/v2\/pages"}],"about":[{"href":"http:\/\/www.novinsight.eu\/language\/fr\/786-2\/wp-json\/wp\/v2\/types\/page"}],"author":[{"embeddable":true,"href":"http:\/\/www.novinsight.eu\/language\/fr\/786-2\/wp-json\/wp\/v2\/users\/1"}],"replies":[{"embeddable":true,"href":"http:\/\/www.novinsight.eu\/language\/fr\/786-2\/wp-json\/wp\/v2\/comments?post=1067"}],"version-history":[{"count":8,"href":"http:\/\/www.novinsight.eu\/language\/fr\/786-2\/wp-json\/wp\/v2\/pages\/1067\/revisions"}],"predecessor-version":[{"id":1519,"href":"http:\/\/www.novinsight.eu\/language\/fr\/786-2\/wp-json\/wp\/v2\/pages\/1067\/revisions\/1519"}],"wp:attachment":[{"href":"http:\/\/www.novinsight.eu\/language\/fr\/786-2\/wp-json\/wp\/v2\/media?parent=1067"}],"curies":[{"name":"wp","href":"https:\/\/api.w.org\/{rel}","templated":true}]}}