{"id":735,"date":"2020-07-02T16:42:16","date_gmt":"2020-07-02T16:42:16","guid":{"rendered":"http:\/\/www.novinsight.eu\/?page_id=735"},"modified":"2020-11-06T09:38:25","modified_gmt":"2020-11-06T09:38:25","slug":"people-2","status":"publish","type":"page","link":"http:\/\/www.novinsight.eu\/language\/fr\/786-2\/language\/fr\/people-2","title":{"rendered":"Conduite du Changement et Coaching"},"content":{"rendered":"\n<p><strong>Le personnel d&#8217;une organisation est son plus pr\u00e9cieux capital : le succ\u00e8s de votre entreprise d\u00e9pend de la fa\u00e7on dont vous le d\u00e9veloppez.<\/strong><\/p>\n\n\n\n<p>Investir dans ses \u00e9quipes est essentiel pour l&#8217;entreprise d&#8217;aujourd&#8217;hui. Il ne s&#8217;agit pas seulement de l&#8217;image de marque de l&#8217;employeur, il s&#8217;agit \u00e9galement de maintenir une entreprise agile et capable de se transformer dans un monde versatile.<\/p>\n\n\n\n<p>\u201c<em>Le v\u00e9ritable voyage de d\u00e9couverte ne consiste pas \u00e0 chercher de nouveaux paysages, mais \u00e0 avoir de nouveaux yeux.<\/em>\u201d M. Proust.<\/p>\n\n\n\n<p>Pour les Ex\u00e9cutif, se d\u00e9velopper implique de regarder son environnement avec un regard nouveau pour y d\u00e9couvrir des opportunit\u00e9s et de s&#8217;y engager avec ses managers et toute son organisation. Notre offre de coaching d&#8217;\u00e9quipes et de cadres, permettra \u00e0 votre c-level et \u00e0 vos managers d&#8217;augmenter leur cr\u00e9ativit\u00e9 pour sortir des sentiers battus, lib\u00e9rer leur potentiel et les aider \u00e0 relever leurs d\u00e9fis manag\u00e9riaux. <\/p>\n\n\n\n<p>\u201cL&#8217;excellence est un art gagn\u00e9 par la formation et l&#8217;accoutumance.\u201d Aristote<\/p>\n\n\n\n<p>Grandir, c&#8217;est d\u00e9velopper les comp\u00e9tences de ses collaborateurs. Notre \u00e9quipe de coachs certifi\u00e9s (HEC, MBTI) et exp\u00e9riment\u00e9s nous permet d&#8217;aider les entreprises \u00e0 identifier les comp\u00e9tences n\u00e9cessaires pour surperformer leurs march\u00e9s. Ils nous permettent \u00e9galement de concevoir et de fournir des formations sur mesure en gestion de programme bas\u00e9e sur une approche d&#8217;apprentissage actif. Vous trouverez plus de d\u00e9tails dans notre offre <a href=\"http:\/\/www.linksight-leadership.com\/fr\/bienvenue-sur-le-site-de-linksight\">Linksight <\/a>d\u00e9di\u00e9e au Coaching pour les cadres et \u00e0 la Formation pour les managers.<\/p>\n\n\n\n<p>Si vous souhaitez en savoir plus sur notre offre de coaching et de formation, n&#8217;h\u00e9sitez pas \u00e0 nous <a href=\"http:\/\/www.novinsight.eu\/language\/fr\/contacts\">contacter<\/a>.<\/p>\n\n\n\n<div class=\"wp-block-image\"><figure class=\"aligncenter is-resized\"><a href=\"http:\/\/www.linksight-leadership.com\/\"><img loading=\"lazy\" decoding=\"async\" src=\"http:\/\/www.novinsight.eu\/wp-content\/uploads\/2017\/09\/LinkSight-Final-full-300x55.png\" alt=\"\" class=\"wp-image-468\" width=\"344\" height=\"63\" srcset=\"http:\/\/www.novinsight.eu\/wp-content\/uploads\/2017\/09\/LinkSight-Final-full-300x55.png 300w, http:\/\/www.novinsight.eu\/wp-content\/uploads\/2017\/09\/LinkSight-Final-full.png 583w\" sizes=\"(max-width: 344px) 100vw, 344px\" \/><\/a><figcaption><a href=\"http:\/\/www.linksight-leadership.com\/\">LinkSight<\/a> est une marque de NovInsight<\/figcaption><\/figure><\/div>\n\n\n\n<p><\/p>\n","protected":false},"excerpt":{"rendered":"<p>Le personnel d&#8217;une organisation est son plus pr\u00e9cieux capital : le succ\u00e8s de votre entreprise d\u00e9pend de la fa\u00e7on dont vous le d\u00e9veloppez. Investir dans ses \u00e9quipes est essentiel pour l&#8217;entreprise d&#8217;aujourd&#8217;hui. Il ne s&#8217;agit pas seulement de l&#8217;image de marque de l&#8217;employeur, il s&#8217;agit \u00e9galement de maintenir une entreprise agile et capable de se transformer dans un monde versatile. \u201cLe v\u00e9ritable voyage de d\u00e9couverte ne consiste pas \u00e0 chercher&hellip;<\/p>\n","protected":false},"author":1,"featured_media":0,"parent":0,"menu_order":0,"comment_status":"closed","ping_status":"closed","template":"","meta":{"footnotes":""},"class_list":["post-735","page","type-page","status-publish","hentry"],"_links":{"self":[{"href":"http:\/\/www.novinsight.eu\/language\/fr\/786-2\/wp-json\/wp\/v2\/pages\/735"}],"collection":[{"href":"http:\/\/www.novinsight.eu\/language\/fr\/786-2\/wp-json\/wp\/v2\/pages"}],"about":[{"href":"http:\/\/www.novinsight.eu\/language\/fr\/786-2\/wp-json\/wp\/v2\/types\/page"}],"author":[{"embeddable":true,"href":"http:\/\/www.novinsight.eu\/language\/fr\/786-2\/wp-json\/wp\/v2\/users\/1"}],"replies":[{"embeddable":true,"href":"http:\/\/www.novinsight.eu\/language\/fr\/786-2\/wp-json\/wp\/v2\/comments?post=735"}],"version-history":[{"count":10,"href":"http:\/\/www.novinsight.eu\/language\/fr\/786-2\/wp-json\/wp\/v2\/pages\/735\/revisions"}],"predecessor-version":[{"id":1368,"href":"http:\/\/www.novinsight.eu\/language\/fr\/786-2\/wp-json\/wp\/v2\/pages\/735\/revisions\/1368"}],"wp:attachment":[{"href":"http:\/\/www.novinsight.eu\/language\/fr\/786-2\/wp-json\/wp\/v2\/media?parent=735"}],"curies":[{"name":"wp","href":"https:\/\/api.w.org\/{rel}","templated":true}]}}